{"id":761,"date":"2023-11-10T17:30:16","date_gmt":"2023-11-10T15:30:16","guid":{"rendered":"https:\/\/www.finschool.fi\/?page_id=761"},"modified":"2024-08-26T15:08:38","modified_gmt":"2024-08-26T13:08:38","slug":"cancellation","status":"publish","type":"page","link":"http:\/\/www.finschool.fi\/fi\/cancellation\/","title":{"rendered":"Peruutus"},"content":{"rendered":"<div data-elementor-type=\"wp-page\" data-elementor-id=\"761\" class=\"elementor elementor-761\" data-elementor-post-type=\"page\">\n\t\t\t\t<div class=\"elementor-element elementor-element-e8bfa43 e-flex e-con-boxed e-con e-parent\" data-id=\"e8bfa43\" data-element_type=\"container\" data-e-type=\"container\">\n\t\t\t\t\t<div class=\"e-con-inner\">\n\t\t\t\t<div class=\"elementor-element elementor-element-852e178 elementor-widget elementor-widget-heading\" data-id=\"852e178\" data-element_type=\"widget\" data-e-type=\"widget\" data-widget_type=\"heading.default\">\n\t\t\t\t<div class=\"elementor-widget-container\">\n\t\t\t\t\t<h2 class=\"elementor-heading-title elementor-size-default\">Peruuttamislomake<\/h2>\t\t\t\t<\/div>\n\t\t\t\t<\/div>\n\t\t\t\t<div class=\"elementor-element elementor-element-8688283 elementor-widget elementor-widget-text-editor\" data-id=\"8688283\" data-element_type=\"widget\" data-e-type=\"widget\" data-widget_type=\"text-editor.default\">\n\t\t\t\t<div class=\"elementor-widget-container\">\n\t\t\t\t\t\t\t\t\t<p>T\u00e4ytt\u00e4k\u00e4\u00e4 ja palauttakaa t\u00e4m\u00e4 lomake vain siin\u00e4 tapauksessa, ett\u00e4 haluatte peruuttaa sopimuksen<\/p>\n<p>Vastaanottaja: Finnish School Service Oy, Humalistonkatu 2 b B 24, 20100 Turku<\/p>\n<p><strong>llmoitan, ett\u00e4 haluan peruuttaa tekem\u00e4ni sopimuksen.<\/strong><\/p>\t\t\t\t\t\t\t\t<\/div>\n\t\t\t\t<\/div>\n\t\t\t\t<div class=\"elementor-element elementor-element-ea99675 elementor-widget elementor-widget-shortcode\" data-id=\"ea99675\" data-element_type=\"widget\" data-e-type=\"widget\" data-widget_type=\"shortcode.default\">\n\t\t\t\t<div class=\"elementor-widget-container\">\n\t\t\t\t\t\t\t<div class=\"elementor-shortcode\">\n<div class=\"wpcf7 no-js\" id=\"wpcf7-f757-o1\" lang=\"en-US\" dir=\"ltr\" data-wpcf7-id=\"757\">\n<div class=\"screen-reader-response\"><p role=\"status\" aria-live=\"polite\" aria-atomic=\"true\"><\/p> <ul><\/ul><\/div>\n<form action=\"\/fi\/wp-json\/wp\/v2\/pages\/761#wpcf7-f757-o1\" method=\"post\" class=\"wpcf7-form init\" aria-label=\"Contact form\" novalidate=\"novalidate\" data-status=\"init\" data-trp-original-action=\"\/fi\/wp-json\/wp\/v2\/pages\/761#wpcf7-f757-o1\">\n<fieldset class=\"hidden-fields-container\"><input type=\"hidden\" name=\"_wpcf7\" value=\"757\" \/><input type=\"hidden\" name=\"_wpcf7_version\" value=\"6.1.5\" \/><input type=\"hidden\" name=\"_wpcf7_locale\" value=\"en_US\" \/><input type=\"hidden\" name=\"_wpcf7_unit_tag\" value=\"wpcf7-f757-o1\" \/><input type=\"hidden\" name=\"_wpcf7_container_post\" value=\"0\" \/><input type=\"hidden\" name=\"_wpcf7_posted_data_hash\" value=\"\" \/><input type=\"hidden\" name=\"_wpcf7_recaptcha_response\" value=\"\" \/>\n<\/fieldset>\n<div class=\"uacf7-form-wrapper-container uacf7-form-757\"><div class=\"wpcf7-columns\">\n<label> Tilausp\u00e4iv\u00e4\n    <span class=\"wpcf7-form-control-wrap\" data-name=\"date-of-order\"><input class=\"wpcf7-form-control wpcf7-date wpcf7-validates-as-required wpcf7-validates-as-date\" aria-required=\"true\" aria-invalid=\"false\" value=\"\" type=\"date\" name=\"date-of-order\" \/><\/span> <\/label>\n\n<label> Kuluttajan nimi\n    <span class=\"wpcf7-form-control-wrap\" data-name=\"user-name\"><input size=\"40\" maxlength=\"400\" class=\"wpcf7-form-control wpcf7-text wpcf7-validates-as-required\" aria-required=\"true\" aria-invalid=\"false\" value=\"\" type=\"text\" name=\"user-name\" \/><\/span> <\/label>\n\n<label> S\u00e4hk\u00f6posti\n    <span class=\"wpcf7-form-control-wrap\" data-name=\"email\"><input size=\"40\" maxlength=\"400\" class=\"wpcf7-form-control wpcf7-email wpcf7-validates-as-required wpcf7-text wpcf7-validates-as-email\" aria-required=\"true\" aria-invalid=\"false\" value=\"\" type=\"email\" name=\"email\" \/><\/span> <\/label>\n\n<\/div>\n\n<div class=\"wpcf7-columns\">\n<label> Osoite\n    <span class=\"wpcf7-form-control-wrap\" data-name=\"address\"><input size=\"40\" maxlength=\"400\" class=\"wpcf7-form-control wpcf7-text wpcf7-validates-as-required\" aria-required=\"true\" aria-invalid=\"false\" value=\"\" type=\"text\" name=\"address\" \/><\/span> <\/label>\n\n<label> P\u00e4iv\u00e4ys\n    <span class=\"wpcf7-form-control-wrap\" data-name=\"date\"><input class=\"wpcf7-form-control wpcf7-date wpcf7-validates-as-required wpcf7-validates-as-date\" aria-required=\"true\" aria-invalid=\"false\" value=\"\" type=\"date\" name=\"date\" \/><\/span> <\/label>\n<\/div>\n\n\n<input class=\"wpcf7-form-control wpcf7-submit has-spinner\" type=\"submit\" value=\"L\u00e4het\u00e4\" \/><\/div><div class=\"wpcf7-response-output\" aria-hidden=\"true\"><\/div>\n<input type=\"hidden\" name=\"trp-form-language\" value=\"fi\"\/><\/form>\n<\/div>\n<\/div>\n\t\t\t\t\t\t<\/div>\n\t\t\t\t<\/div>\n\t\t\t\t\t<\/div>\n\t\t\t\t<\/div>\n\t\t\t\t<\/div>","protected":false},"excerpt":{"rendered":"<p>Cancellation form Please complete and send this form only if you wish to cancel the contract. Recipient: Finnish School Service Oy, Humalistonkatu 2 b B 24, 20100 Turku I declare that I want to cancel the contract I made.<\/p>","protected":false},"author":1,"featured_media":0,"parent":0,"menu_order":0,"comment_status":"closed","ping_status":"closed","template":"","meta":{"_joinchat":[],"footnotes":""},"class_list":["post-761","page","type-page","status-publish","hentry"],"blocksy_meta":[],"yoast_head":"<!-- This site is optimized with the Yoast SEO plugin v27.5 - https:\/\/yoast.com\/product\/yoast-seo-wordpress\/ -->\n<title>Finnish School Service |<\/title>\n<meta name=\"robots\" content=\"index, follow, max-snippet:-1, max-image-preview:large, max-video-preview:-1\" \/>\n<link rel=\"canonical\" href=\"http:\/\/www.finschool.fi\/fi\/cancellation\/\" \/>\n<meta property=\"og:locale\" content=\"fi_FI\" \/>\n<meta property=\"og:type\" content=\"article\" \/>\n<meta property=\"og:title\" content=\"Finnish School Service |\" \/>\n<meta property=\"og:description\" content=\"Cancellation form Please complete and send this form only if you wish to cancel the contract. Recipient: Finnish School Service Oy, Humalistonkatu 2 b B 24, 20100 Turku I declare that I want to cancel the contract I made.\" \/>\n<meta property=\"og:url\" content=\"http:\/\/www.finschool.fi\/fi\/cancellation\/\" \/>\n<meta property=\"og:site_name\" content=\"Finnish School Service\" \/>\n<meta property=\"article:modified_time\" content=\"2024-08-26T13:08:38+00:00\" \/>\n<meta name=\"twitter:card\" content=\"summary_large_image\" \/>\n<meta name=\"twitter:label1\" content=\"Arvioitu lukuaika\" \/>\n\t<meta name=\"twitter:data1\" content=\"1 minuutti\" \/>\n<script type=\"application\/ld+json\" class=\"yoast-schema-graph\">{\"@context\":\"https:\\\/\\\/schema.org\",\"@graph\":[{\"@type\":\"WebPage\",\"@id\":\"http:\\\/\\\/www.finschool.fi\\\/fi\\\/cancellation\\\/\",\"url\":\"http:\\\/\\\/www.finschool.fi\\\/fi\\\/cancellation\\\/\",\"name\":\"Finnish School Service |\",\"isPartOf\":{\"@id\":\"http:\\\/\\\/www.finschool.fi\\\/#website\"},\"datePublished\":\"2023-11-10T15:30:16+00:00\",\"dateModified\":\"2024-08-26T13:08:38+00:00\",\"breadcrumb\":{\"@id\":\"http:\\\/\\\/www.finschool.fi\\\/fi\\\/cancellation\\\/#breadcrumb\"},\"inLanguage\":\"fi\",\"potentialAction\":[{\"@type\":\"ReadAction\",\"target\":[\"http:\\\/\\\/www.finschool.fi\\\/fi\\\/cancellation\\\/\"]}]},{\"@type\":\"BreadcrumbList\",\"@id\":\"http:\\\/\\\/www.finschool.fi\\\/fi\\\/cancellation\\\/#breadcrumb\",\"itemListElement\":[{\"@type\":\"ListItem\",\"position\":1,\"name\":\"Home\",\"item\":\"http:\\\/\\\/www.finschool.fi\\\/\"},{\"@type\":\"ListItem\",\"position\":2,\"name\":\"Cancellation\"}]},{\"@type\":\"WebSite\",\"@id\":\"http:\\\/\\\/www.finschool.fi\\\/#website\",\"url\":\"http:\\\/\\\/www.finschool.fi\\\/\",\"name\":\"Finnish School Service\",\"description\":\"\",\"publisher\":{\"@id\":\"http:\\\/\\\/www.finschool.fi\\\/#organization\"},\"potentialAction\":[{\"@type\":\"SearchAction\",\"target\":{\"@type\":\"EntryPoint\",\"urlTemplate\":\"http:\\\/\\\/www.finschool.fi\\\/?s={search_term_string}\"},\"query-input\":{\"@type\":\"PropertyValueSpecification\",\"valueRequired\":true,\"valueName\":\"search_term_string\"}}],\"inLanguage\":\"fi\"},{\"@type\":\"Organization\",\"@id\":\"http:\\\/\\\/www.finschool.fi\\\/#organization\",\"name\":\"Finnish School Service\",\"url\":\"http:\\\/\\\/www.finschool.fi\\\/\",\"logo\":{\"@type\":\"ImageObject\",\"inLanguage\":\"fi\",\"@id\":\"http:\\\/\\\/www.finschool.fi\\\/#\\\/schema\\\/logo\\\/image\\\/\",\"url\":\"http:\\\/\\\/www.finschool.fi\\\/wp-content\\\/uploads\\\/2023\\\/11\\\/logo-1.png\",\"contentUrl\":\"http:\\\/\\\/www.finschool.fi\\\/wp-content\\\/uploads\\\/2023\\\/11\\\/logo-1.png\",\"width\":952,\"height\":296,\"caption\":\"Finnish School Service\"},\"image\":{\"@id\":\"http:\\\/\\\/www.finschool.fi\\\/#\\\/schema\\\/logo\\\/image\\\/\"}}]}<\/script>\n<!-- \/ Yoast SEO plugin. -->","yoast_head_json":{"title":"Finnish School Service |","robots":{"index":"index","follow":"follow","max-snippet":"max-snippet:-1","max-image-preview":"max-image-preview:large","max-video-preview":"max-video-preview:-1"},"canonical":"http:\/\/www.finschool.fi\/fi\/cancellation\/","og_locale":"fi_FI","og_type":"article","og_title":"Finnish School Service |","og_description":"Cancellation form Please complete and send this form only if you wish to cancel the contract. Recipient: Finnish School Service Oy, Humalistonkatu 2 b B 24, 20100 Turku I declare that I want to cancel the contract I made.","og_url":"http:\/\/www.finschool.fi\/fi\/cancellation\/","og_site_name":"Finnish School Service","article_modified_time":"2024-08-26T13:08:38+00:00","twitter_card":"summary_large_image","twitter_misc":{"Arvioitu lukuaika":"1 minuutti"},"schema":{"@context":"https:\/\/schema.org","@graph":[{"@type":"WebPage","@id":"http:\/\/www.finschool.fi\/fi\/cancellation\/","url":"http:\/\/www.finschool.fi\/fi\/cancellation\/","name":"Finnish School Service |","isPartOf":{"@id":"http:\/\/www.finschool.fi\/#website"},"datePublished":"2023-11-10T15:30:16+00:00","dateModified":"2024-08-26T13:08:38+00:00","breadcrumb":{"@id":"http:\/\/www.finschool.fi\/fi\/cancellation\/#breadcrumb"},"inLanguage":"fi","potentialAction":[{"@type":"ReadAction","target":["http:\/\/www.finschool.fi\/fi\/cancellation\/"]}]},{"@type":"BreadcrumbList","@id":"http:\/\/www.finschool.fi\/fi\/cancellation\/#breadcrumb","itemListElement":[{"@type":"ListItem","position":1,"name":"Home","item":"http:\/\/www.finschool.fi\/"},{"@type":"ListItem","position":2,"name":"Cancellation"}]},{"@type":"WebSite","@id":"http:\/\/www.finschool.fi\/#website","url":"http:\/\/www.finschool.fi\/","name":"Finnish School Service","description":"","publisher":{"@id":"http:\/\/www.finschool.fi\/#organization"},"potentialAction":[{"@type":"SearchAction","target":{"@type":"EntryPoint","urlTemplate":"http:\/\/www.finschool.fi\/?s={search_term_string}"},"query-input":{"@type":"PropertyValueSpecification","valueRequired":true,"valueName":"search_term_string"}}],"inLanguage":"fi"},{"@type":"Organization","@id":"http:\/\/www.finschool.fi\/#organization","name":"Finnish School Service","url":"http:\/\/www.finschool.fi\/","logo":{"@type":"ImageObject","inLanguage":"fi","@id":"http:\/\/www.finschool.fi\/#\/schema\/logo\/image\/","url":"http:\/\/www.finschool.fi\/wp-content\/uploads\/2023\/11\/logo-1.png","contentUrl":"http:\/\/www.finschool.fi\/wp-content\/uploads\/2023\/11\/logo-1.png","width":952,"height":296,"caption":"Finnish School Service"},"image":{"@id":"http:\/\/www.finschool.fi\/#\/schema\/logo\/image\/"}}]}},"_links":{"self":[{"href":"http:\/\/www.finschool.fi\/fi\/wp-json\/wp\/v2\/pages\/761","targetHints":{"allow":["GET"]}}],"collection":[{"href":"http:\/\/www.finschool.fi\/fi\/wp-json\/wp\/v2\/pages"}],"about":[{"href":"http:\/\/www.finschool.fi\/fi\/wp-json\/wp\/v2\/types\/page"}],"author":[{"embeddable":true,"href":"http:\/\/www.finschool.fi\/fi\/wp-json\/wp\/v2\/users\/1"}],"replies":[{"embeddable":true,"href":"http:\/\/www.finschool.fi\/fi\/wp-json\/wp\/v2\/comments?post=761"}],"version-history":[{"count":16,"href":"http:\/\/www.finschool.fi\/fi\/wp-json\/wp\/v2\/pages\/761\/revisions"}],"predecessor-version":[{"id":841,"href":"http:\/\/www.finschool.fi\/fi\/wp-json\/wp\/v2\/pages\/761\/revisions\/841"}],"wp:attachment":[{"href":"http:\/\/www.finschool.fi\/fi\/wp-json\/wp\/v2\/media?parent=761"}],"curies":[{"name":"wp","href":"https:\/\/api.w.org\/{rel}","templated":true}]}}