{"id":261,"date":"2023-11-02T10:05:06","date_gmt":"2023-11-02T08:05:06","guid":{"rendered":"https:\/\/www.finschool.fi\/?page_id=261"},"modified":"2024-08-26T15:34:57","modified_gmt":"2024-08-26T13:34:57","slug":"kielikurssi","status":"publish","type":"page","link":"http:\/\/www.finschool.fi\/fi\/kielikurssi\/","title":{"rendered":"Kielikurssi"},"content":{"rendered":"<div data-elementor-type=\"wp-page\" data-elementor-id=\"261\" class=\"elementor elementor-261\" data-elementor-post-type=\"page\">\n\t\t\t\t<div class=\"elementor-element elementor-element-fe8831a e-flex e-con-boxed e-con e-parent\" data-id=\"fe8831a\" data-element_type=\"container\" data-e-type=\"container\" data-settings=\"{&quot;background_background&quot;:&quot;classic&quot;}\">\n\t\t\t\t\t<div class=\"e-con-inner\">\n\t\t\t\t<div class=\"elementor-element elementor-element-07e7ef4 elementor-widget elementor-widget-heading\" data-id=\"07e7ef4\" data-element_type=\"widget\" data-e-type=\"widget\" data-widget_type=\"heading.default\">\n\t\t\t\t<div class=\"elementor-widget-container\">\n\t\t\t\t\t<h2 class=\"elementor-heading-title elementor-size-default\">Kielikurssi<\/h2>\t\t\t\t<\/div>\n\t\t\t\t<\/div>\n\t\t\t\t\t<\/div>\n\t\t\t\t<\/div>\n\t\t<div class=\"elementor-element elementor-element-3bfaed6 e-flex e-con-boxed e-con e-parent\" data-id=\"3bfaed6\" data-element_type=\"container\" data-e-type=\"container\">\n\t\t\t\t\t<div class=\"e-con-inner\">\n\t\t\t\t<div class=\"elementor-element elementor-element-951a071 elementor-widget elementor-widget-text-editor\" data-id=\"951a071\" data-element_type=\"widget\" data-e-type=\"widget\" data-widget_type=\"text-editor.default\">\n\t\t\t\t<div class=\"elementor-widget-container\">\n\t\t\t\t\t\t\t\t\t<p>Finnish School Service Oy tarjoaa teille suomen kielen kurssia, joka pidet\u00e4\u00e4n netiss\u00e4 Suomesta k\u00e4sin.  Tavoitteena on, ett\u00e4 opitte kurssin aikana suomen kielt\u00e4 niin, ett\u00e4 voitte aloittaa Suomessa hoiva-avustajan koulutuksen tai jonkun muun ammattikoulutuksen.  Ik\u00e4raja kurssille on 16-vuotta.<\/p>\n<p>Kielikurssi pidet\u00e4\u00e4n netiss\u00e4 Zoomin kautta. Oppitunteja on 4 kertaa viikossa, 75 minuuttia p\u00e4iv\u00e4ss\u00e4. Kurssi kest\u00e4\u00e4 seitsem\u00e4n kuukautta. Tavoitteena on saavuttaa suomen kieless\u00e4 taitotaso A2.2.-B1.1. joka tarkoittaa kehittyv\u00e4\u00e4 peruskielitaitoa (A2.2.) tai toimivaa peruskielitaitoa (B1.1.). Kurssin hyv\u00e4ksytysti suorittaneet saavat siit\u00e4 todistuksen, jonka avulla he voivat hakea koulupaikkaa Suomesta. Kurssin suorittaminen edellytt\u00e4\u00e4 kotiteht\u00e4vien tekemist\u00e4 ja omatoimista opiskelua oppituntien ulkopuolella. Mik\u00e4li oppilas ei opiskele riitt\u00e4v\u00e4n ahkerasti, kielitodistusta ei voida my\u00f6nt\u00e4\u00e4.<\/p>\n<p>Opettajina toimivat ammattitaitoiset suomen kielen opettajat. Tunneilla k\u00e4ytet\u00e4\u00e4n osittain englantia. Kurssin alussa on paikalla persian\/kurdin-kielinen henkil\u00f6.<\/p>\n<p>Kurssin kokonaishinta on 3 500 euroa. Maksu on arvonlis\u00e4veroton, koska oppilaat asuvat EU:n ulkopuolella.<\/p>\n<p>Maksu sis\u00e4lt\u00e4\u00e4 opetuksen ja netin kautta annettavan materiaalin.<\/p><p>Maksu sis\u00e4lt\u00e4\u00e4 my\u00f6s neuvonnan Suomeen muuttamisesta.&nbsp;<\/p>\n<p>Kurssimaksu tulee maksaa kokonaan etuk\u00e4teen ennen kurssin aloittamista.<\/p>\n<p>Kurssin j\u00e4rjest\u00e4minen edellytt\u00e4\u00e4 v\u00e4hint\u00e4\u00e4n 25 oppilasta.<\/p>\n<p>Kurssimaksua ei palauteta, jos oppilas p\u00e4\u00e4tt\u00e4\u00e4 keskeytt\u00e4\u00e4 kurssin ennenaikaisesti tai on muutoin poissa oppitunnilta.<\/p>\n<p>Jos oppilas kokee, ett\u00e4 palvelussa on virhe, t\u00e4st\u00e4 voi valittaa kuluttajariitalautakunnalle tai Varsinais-Suomen k\u00e4r\u00e4j\u00e4oikeudelle.<\/p>\n<p>Opiskelijalla on Suomen lain mukaan oikeus peruuttaa kurssi ilmoittamalla siit\u00e4 s\u00e4hk\u00f6postilla Finnish School Service Oy:lle 14 p\u00e4iv\u00e4n kuluessa kurssimaksun maksamisesta. Jos opiskelija on kuitenkin jo aloittanut Suomen kielen kurssin ennen peruuttamisilmoituksen tekemist\u00e4, h\u00e4n on velvollinen maksamaan peruutuskuluina 200 euroa.<\/p>\n<p class=\"translation-block\">Jos haluat kurssille mukaan, pyyd\u00e4mme t\u00e4ytt\u00e4m\u00e4\u00e4n <a href=\"https:\/\/www.finschool.fi\/fi\/ilmoittautuminen\/\" target=\"_blank\" rel=\"noopener\">t\u00e4m\u00e4n lomakkeen<\/a> ja toimittamaan sen meille. L\u00e4het\u00e4mme sen j\u00e4lkeen kurssille hyv\u00e4ksytylle laskun sen j\u00e4lkeen, kun kurssille on ilmoittautunut v\u00e4hint\u00e4\u00e4n 25 oppilasta. Laskun maksamalla hyv\u00e4ksyt yll\u00e4 olevat ehdot.<\/p>\n<p>Kun lasku on maksettu, l\u00e4het\u00e4mme sinulle tilausvahvistuksen.<\/p>\n<p>Kurssin suorittamisen j\u00e4lkeen teill\u00e4 on mahdollisuus ostaa meilt\u00e4 koulutus- ja maahantulopaketti Suomeen.<\/p>\n<p>T\u00e4st\u00e4 on lis\u00e4tietoa nettisivujen toisessa kohdassa.<\/p>\n<p>Kurssille osallistuminen ei anna oikeutta opiskelupaikkaan eik\u00e4 se oikeuta matkustamaan Suomeen.<\/p>\n<p>Tervetuloa mukaan.<\/p>\n<p>Mahdollisiin tiedusteluihin vastaa hallituksen puheenjohtaja Aram Farokhizadeh ja hallituksen j\u00e4sen Miikka Hakanen.<\/p>\t\t\t\t\t\t\t\t<\/div>\n\t\t\t\t<\/div>\n\t\t\t\t\t<\/div>\n\t\t\t\t<\/div>\n\t\t\t\t<\/div>","protected":false},"excerpt":{"rendered":"<p>Language course Finnish School Service Oy offers you a Finnish language course held online from Finland. The goal is for you to learn Finnish during the course so that you can start training as a care assistant or some other professional training in Finland. The age limit for the course is 16 years. The language [&hellip;]<\/p>\n","protected":false},"author":1,"featured_media":0,"parent":0,"menu_order":0,"comment_status":"closed","ping_status":"closed","template":"","meta":{"_joinchat":[],"footnotes":""},"class_list":["post-261","page","type-page","status-publish","hentry"],"blocksy_meta":[],"yoast_head":"<!-- This site is optimized with the Yoast SEO plugin v27.5 - https:\/\/yoast.com\/product\/yoast-seo-wordpress\/ -->\n<title>Finnish School Service |<\/title>\n<meta name=\"robots\" content=\"index, follow, max-snippet:-1, max-image-preview:large, max-video-preview:-1\" \/>\n<link rel=\"canonical\" href=\"https:\/\/www.finschool.fi\/fi\/kielikurssi\/\" \/>\n<meta property=\"og:locale\" content=\"fi_FI\" \/>\n<meta property=\"og:type\" content=\"article\" \/>\n<meta property=\"og:title\" content=\"Finnish School Service |\" \/>\n<meta property=\"og:description\" content=\"Language course Finnish School Service Oy offers you a Finnish language course held online from Finland. The goal is for you to learn Finnish during the course so that you can start training as a care assistant or some other professional training in Finland. The age limit for the course is 16 years. The language [&hellip;]\" \/>\n<meta property=\"og:url\" content=\"https:\/\/www.finschool.fi\/fi\/kielikurssi\/\" \/>\n<meta property=\"og:site_name\" content=\"Finnish School Service\" \/>\n<meta property=\"article:modified_time\" content=\"2024-08-26T13:34:57+00:00\" \/>\n<meta name=\"twitter:card\" content=\"summary_large_image\" \/>\n<meta name=\"twitter:label1\" content=\"Arvioitu lukuaika\" \/>\n\t<meta name=\"twitter:data1\" content=\"3 minuuttia\" \/>\n<script type=\"application\/ld+json\" class=\"yoast-schema-graph\">{\"@context\":\"https:\\\/\\\/schema.org\",\"@graph\":[{\"@type\":\"WebPage\",\"@id\":\"https:\\\/\\\/www.finschool.fi\\\/kielikurssi\\\/\",\"url\":\"https:\\\/\\\/www.finschool.fi\\\/kielikurssi\\\/\",\"name\":\"Finnish School Service |\",\"isPartOf\":{\"@id\":\"http:\\\/\\\/www.finschool.fi\\\/#website\"},\"datePublished\":\"2023-11-02T08:05:06+00:00\",\"dateModified\":\"2024-08-26T13:34:57+00:00\",\"breadcrumb\":{\"@id\":\"https:\\\/\\\/www.finschool.fi\\\/kielikurssi\\\/#breadcrumb\"},\"inLanguage\":\"fi\",\"potentialAction\":[{\"@type\":\"ReadAction\",\"target\":[\"https:\\\/\\\/www.finschool.fi\\\/kielikurssi\\\/\"]}]},{\"@type\":\"BreadcrumbList\",\"@id\":\"https:\\\/\\\/www.finschool.fi\\\/kielikurssi\\\/#breadcrumb\",\"itemListElement\":[{\"@type\":\"ListItem\",\"position\":1,\"name\":\"Home\",\"item\":\"http:\\\/\\\/www.finschool.fi\\\/\"},{\"@type\":\"ListItem\",\"position\":2,\"name\":\"Language course\"}]},{\"@type\":\"WebSite\",\"@id\":\"http:\\\/\\\/www.finschool.fi\\\/#website\",\"url\":\"http:\\\/\\\/www.finschool.fi\\\/\",\"name\":\"Finnish School Service\",\"description\":\"\",\"publisher\":{\"@id\":\"http:\\\/\\\/www.finschool.fi\\\/#organization\"},\"potentialAction\":[{\"@type\":\"SearchAction\",\"target\":{\"@type\":\"EntryPoint\",\"urlTemplate\":\"http:\\\/\\\/www.finschool.fi\\\/?s={search_term_string}\"},\"query-input\":{\"@type\":\"PropertyValueSpecification\",\"valueRequired\":true,\"valueName\":\"search_term_string\"}}],\"inLanguage\":\"fi\"},{\"@type\":\"Organization\",\"@id\":\"http:\\\/\\\/www.finschool.fi\\\/#organization\",\"name\":\"Finnish School Service\",\"url\":\"http:\\\/\\\/www.finschool.fi\\\/\",\"logo\":{\"@type\":\"ImageObject\",\"inLanguage\":\"fi\",\"@id\":\"http:\\\/\\\/www.finschool.fi\\\/#\\\/schema\\\/logo\\\/image\\\/\",\"url\":\"http:\\\/\\\/www.finschool.fi\\\/wp-content\\\/uploads\\\/2023\\\/11\\\/logo-1.png\",\"contentUrl\":\"http:\\\/\\\/www.finschool.fi\\\/wp-content\\\/uploads\\\/2023\\\/11\\\/logo-1.png\",\"width\":952,\"height\":296,\"caption\":\"Finnish School Service\"},\"image\":{\"@id\":\"http:\\\/\\\/www.finschool.fi\\\/#\\\/schema\\\/logo\\\/image\\\/\"}}]}<\/script>\n<!-- \/ Yoast SEO plugin. -->","yoast_head_json":{"title":"Finnish School Service |","robots":{"index":"index","follow":"follow","max-snippet":"max-snippet:-1","max-image-preview":"max-image-preview:large","max-video-preview":"max-video-preview:-1"},"canonical":"https:\/\/www.finschool.fi\/fi\/kielikurssi\/","og_locale":"fi_FI","og_type":"article","og_title":"Finnish School Service |","og_description":"Language course Finnish School Service Oy offers you a Finnish language course held online from Finland. The goal is for you to learn Finnish during the course so that you can start training as a care assistant or some other professional training in Finland. The age limit for the course is 16 years. The language [&hellip;]","og_url":"https:\/\/www.finschool.fi\/fi\/kielikurssi\/","og_site_name":"Finnish School Service","article_modified_time":"2024-08-26T13:34:57+00:00","twitter_card":"summary_large_image","twitter_misc":{"Arvioitu lukuaika":"3 minuuttia"},"schema":{"@context":"https:\/\/schema.org","@graph":[{"@type":"WebPage","@id":"https:\/\/www.finschool.fi\/kielikurssi\/","url":"https:\/\/www.finschool.fi\/kielikurssi\/","name":"Finnish School Service |","isPartOf":{"@id":"http:\/\/www.finschool.fi\/#website"},"datePublished":"2023-11-02T08:05:06+00:00","dateModified":"2024-08-26T13:34:57+00:00","breadcrumb":{"@id":"https:\/\/www.finschool.fi\/kielikurssi\/#breadcrumb"},"inLanguage":"fi","potentialAction":[{"@type":"ReadAction","target":["https:\/\/www.finschool.fi\/kielikurssi\/"]}]},{"@type":"BreadcrumbList","@id":"https:\/\/www.finschool.fi\/kielikurssi\/#breadcrumb","itemListElement":[{"@type":"ListItem","position":1,"name":"Home","item":"http:\/\/www.finschool.fi\/"},{"@type":"ListItem","position":2,"name":"Language course"}]},{"@type":"WebSite","@id":"http:\/\/www.finschool.fi\/#website","url":"http:\/\/www.finschool.fi\/","name":"Finnish School Service","description":"","publisher":{"@id":"http:\/\/www.finschool.fi\/#organization"},"potentialAction":[{"@type":"SearchAction","target":{"@type":"EntryPoint","urlTemplate":"http:\/\/www.finschool.fi\/?s={search_term_string}"},"query-input":{"@type":"PropertyValueSpecification","valueRequired":true,"valueName":"search_term_string"}}],"inLanguage":"fi"},{"@type":"Organization","@id":"http:\/\/www.finschool.fi\/#organization","name":"Finnish School Service","url":"http:\/\/www.finschool.fi\/","logo":{"@type":"ImageObject","inLanguage":"fi","@id":"http:\/\/www.finschool.fi\/#\/schema\/logo\/image\/","url":"http:\/\/www.finschool.fi\/wp-content\/uploads\/2023\/11\/logo-1.png","contentUrl":"http:\/\/www.finschool.fi\/wp-content\/uploads\/2023\/11\/logo-1.png","width":952,"height":296,"caption":"Finnish School Service"},"image":{"@id":"http:\/\/www.finschool.fi\/#\/schema\/logo\/image\/"}}]}},"_links":{"self":[{"href":"http:\/\/www.finschool.fi\/fi\/wp-json\/wp\/v2\/pages\/261","targetHints":{"allow":["GET"]}}],"collection":[{"href":"http:\/\/www.finschool.fi\/fi\/wp-json\/wp\/v2\/pages"}],"about":[{"href":"http:\/\/www.finschool.fi\/fi\/wp-json\/wp\/v2\/types\/page"}],"author":[{"embeddable":true,"href":"http:\/\/www.finschool.fi\/fi\/wp-json\/wp\/v2\/users\/1"}],"replies":[{"embeddable":true,"href":"http:\/\/www.finschool.fi\/fi\/wp-json\/wp\/v2\/comments?post=261"}],"version-history":[{"count":26,"href":"http:\/\/www.finschool.fi\/fi\/wp-json\/wp\/v2\/pages\/261\/revisions"}],"predecessor-version":[{"id":852,"href":"http:\/\/www.finschool.fi\/fi\/wp-json\/wp\/v2\/pages\/261\/revisions\/852"}],"wp:attachment":[{"href":"http:\/\/www.finschool.fi\/fi\/wp-json\/wp\/v2\/media?parent=261"}],"curies":[{"name":"wp","href":"https:\/\/api.w.org\/{rel}","templated":true}]}}